{"id":8796,"date":"2023-09-20T13:01:24","date_gmt":"2023-09-20T11:01:24","guid":{"rendered":"https:\/\/promocionesceramicaszimmer.es\/contact\/"},"modified":"2023-09-21T10:06:26","modified_gmt":"2023-09-21T08:06:26","slug":"contact","status":"publish","type":"page","link":"https:\/\/promocionesceramicaszimmer.es\/en\/contact\/","title":{"rendered":"Contact"},"content":{"rendered":"\t\t<div data-elementor-type=\"wp-page\" data-elementor-id=\"8796\" class=\"elementor elementor-8796 elementor-8669\">\n\t\t\t\t\t\t\t<div class=\"elementor-element elementor-element-3dac725 e-con-full e-flex e-con e-parent\" data-id=\"3dac725\" data-element_type=\"container\" data-settings=\"{&quot;content_width&quot;:&quot;full&quot;,&quot;background_background&quot;:&quot;classic&quot;,&quot;jet_parallax_layout_list&quot;:[]}\" data-core-v316-plus=\"true\">\n\t\t\t\t<\/div>\n\t\t<div class=\"elementor-element elementor-element-7bf9bea e-flex e-con-boxed e-con e-parent\" data-id=\"7bf9bea\" data-element_type=\"container\" data-settings=\"{&quot;jet_parallax_layout_list&quot;:[],&quot;content_width&quot;:&quot;boxed&quot;}\" data-core-v316-plus=\"true\">\n\t\t\t\t\t<div class=\"e-con-inner\">\n\t\t\t\t<div class=\"elementor-element elementor-element-3e4dfc2 elementor-invisible elementor-widget elementor-widget-text-editor\" data-id=\"3e4dfc2\" data-element_type=\"widget\" data-settings=\"{&quot;_animation&quot;:&quot;fadeInDown&quot;}\" data-widget_type=\"text-editor.default\">\n\t\t\t\t<div class=\"elementor-widget-container\">\n\t\t\t<style>\/*! elementor - v3.17.0 - 08-11-2023 *\/\n.elementor-widget-text-editor.elementor-drop-cap-view-stacked .elementor-drop-cap{background-color:#69727d;color:#fff}.elementor-widget-text-editor.elementor-drop-cap-view-framed .elementor-drop-cap{color:#69727d;border:3px solid;background-color:transparent}.elementor-widget-text-editor:not(.elementor-drop-cap-view-default) .elementor-drop-cap{margin-top:8px}.elementor-widget-text-editor:not(.elementor-drop-cap-view-default) .elementor-drop-cap-letter{width:1em;height:1em}.elementor-widget-text-editor .elementor-drop-cap{float:left;text-align:center;line-height:1;font-size:50px}.elementor-widget-text-editor .elementor-drop-cap-letter{display:inline-block}<\/style>\t\t\t\t<h3>P\u00f3ngase en contacto con nosotros<\/h3>\n<p>Desde el formulario puede enviarnos un mensaje y le contestaremos en breve.<\/p>\n\t\t\t\t\t\t<\/div>\n\t\t\t\t<\/div>\n\t\t\t\t\t<\/div>\n\t\t\t\t<\/div>\n\t\t<div class=\"elementor-element elementor-element-6924a43 e-flex e-con-boxed e-con e-parent\" data-id=\"6924a43\" data-element_type=\"container\" data-settings=\"{&quot;jet_parallax_layout_list&quot;:[],&quot;content_width&quot;:&quot;boxed&quot;}\" data-core-v316-plus=\"true\">\n\t\t\t\t\t<div class=\"e-con-inner\">\n\t\t<div class=\"elementor-element elementor-element-8d4386b e-con-full e-flex elementor-invisible e-con e-child\" data-id=\"8d4386b\" data-element_type=\"container\" data-settings=\"{&quot;content_width&quot;:&quot;full&quot;,&quot;jet_parallax_layout_list&quot;:[],&quot;animation&quot;:&quot;fadeInLeft&quot;}\">\n\t\t\t\t<div class=\"elementor-element elementor-element-e11a43b elementor-widget elementor-widget-google_maps\" data-id=\"e11a43b\" data-element_type=\"widget\" data-widget_type=\"google_maps.default\">\n\t\t\t\t<div class=\"elementor-widget-container\">\n\t\t\t<style>\/*! elementor - v3.17.0 - 08-11-2023 *\/\n.elementor-widget-google_maps .elementor-widget-container{overflow:hidden}.elementor-widget-google_maps .elementor-custom-embed{line-height:0}.elementor-widget-google_maps iframe{height:300px}<\/style>\t\t<div class=\"elementor-custom-embed\">\n\t\t\t<iframe loading=\"lazy\"\n\t\t\t\t\tsrc=\"https:\/\/maps.google.com\/maps?q=Cam%C3%AD%20de%20la%20Carretera%2C%2050%2C%2012540%20Vila-real%2C%20Castell%C3%B3&#038;t=m&#038;z=15&#038;output=embed&#038;iwloc=near\"\n\t\t\t\t\ttitle=\"Cam\u00ed de la Carretera, 50, 12540 Vila-real, Castell\u00f3\"\n\t\t\t\t\taria-label=\"Cam\u00ed de la Carretera, 50, 12540 Vila-real, Castell\u00f3\"\n\t\t\t><\/iframe>\n\t\t<\/div>\n\t\t\t\t<\/div>\n\t\t\t\t<\/div>\n\t\t\t\t<\/div>\n\t\t<div class=\"elementor-element elementor-element-19cca1f e-con-full e-flex elementor-invisible e-con e-child\" data-id=\"19cca1f\" data-element_type=\"container\" data-settings=\"{&quot;content_width&quot;:&quot;full&quot;,&quot;jet_parallax_layout_list&quot;:[],&quot;animation&quot;:&quot;fadeInRight&quot;}\">\n\t\t\t\t<div class=\"elementor-element elementor-element-ba69182 elementor-widget elementor-widget-contact-form-7\" data-id=\"ba69182\" data-element_type=\"widget\" data-widget_type=\"contact-form-7.default\">\n\t\t\t\t<div class=\"elementor-widget-container\">\n\t\t\t<div class=\"elementor-contact-form-7 jet-elements\"><\/div>\t\t<\/div>\n\t\t\t\t<\/div>\n\t\t\t\t<\/div>\n\t\t\t\t\t<\/div>\n\t\t\t\t<\/div>\n\t\t\t\t\t\t\t<\/div>\n\t\t","protected":false},"excerpt":{"rendered":"<p>P\u00f3ngase en contacto con nosotros Desde el formulario puede enviarnos un mensaje y le contestaremos en breve. Tu nombre Tu correo electr\u00f3nico Asunto Tu mensaje (opcional) Al enviar acepta nuestra pol\u00edtica de privacidad.Pol\u00edtica de privacidad<\/p>\n","protected":false},"author":1,"featured_media":0,"parent":0,"menu_order":0,"comment_status":"closed","ping_status":"closed","template":"elementor_header_footer","meta":{"_monsterinsights_skip_tracking":false,"_monsterinsights_sitenote_active":false,"_monsterinsights_sitenote_note":"","_monsterinsights_sitenote_category":0,"_uf_show_specific_survey":0,"_uf_disable_surveys":false,"footnotes":""},"class_list":["post-8796","page","type-page","status-publish","hentry"],"aioseo_notices":[],"_links":{"self":[{"href":"https:\/\/promocionesceramicaszimmer.es\/en\/wp-json\/wp\/v2\/pages\/8796","targetHints":{"allow":["GET"]}}],"collection":[{"href":"https:\/\/promocionesceramicaszimmer.es\/en\/wp-json\/wp\/v2\/pages"}],"about":[{"href":"https:\/\/promocionesceramicaszimmer.es\/en\/wp-json\/wp\/v2\/types\/page"}],"author":[{"embeddable":true,"href":"https:\/\/promocionesceramicaszimmer.es\/en\/wp-json\/wp\/v2\/users\/1"}],"replies":[{"embeddable":true,"href":"https:\/\/promocionesceramicaszimmer.es\/en\/wp-json\/wp\/v2\/comments?post=8796"}],"version-history":[{"count":1,"href":"https:\/\/promocionesceramicaszimmer.es\/en\/wp-json\/wp\/v2\/pages\/8796\/revisions"}],"predecessor-version":[{"id":8797,"href":"https:\/\/promocionesceramicaszimmer.es\/en\/wp-json\/wp\/v2\/pages\/8796\/revisions\/8797"}],"wp:attachment":[{"href":"https:\/\/promocionesceramicaszimmer.es\/en\/wp-json\/wp\/v2\/media?parent=8796"}],"curies":[{"name":"wp","href":"https:\/\/api.w.org\/{rel}","templated":true}]}}